{"id":6772,"date":"2019-07-26T16:08:31","date_gmt":"2019-07-26T15:08:31","guid":{"rendered":"https:\/\/www.avante-educacao-brasil.nl\/?page_id=6772"},"modified":"2019-07-27T21:02:31","modified_gmt":"2019-07-27T20:02:31","slug":"financial-statement-2017","status":"publish","type":"page","link":"https:\/\/www.avante-educacao-brasil.nl\/br\/financial-statement-2017\/","title":{"rendered":"(English) Financial Statement 2017"},"content":{"rendered":"<p class=\"qtranxs-available-languages-message qtranxs-available-languages-message-br\">Desculpe-nos, mas este texto est\u00e1 apenas dispon\u00edvel em <a href=\"https:\/\/www.avante-educacao-brasil.nl\/nl\/wp-json\/wp\/v2\/pages\/6772\" class=\"qtranxs-available-language-link qtranxs-available-language-link-nl\" title=\"Nederlands\">Holand\u00eas<\/a>.<\/p>","protected":false},"excerpt":{"rendered":"<p>Desculpe-nos, mas este texto est\u00e1 apenas dispon\u00edvel em Holand\u00eas.<\/p>\n","protected":false},"author":1,"featured_media":0,"parent":0,"menu_order":0,"comment_status":"closed","ping_status":"closed","template":"","meta":[],"acf":[],"yoast_head":"<!-- This site is optimized with the Yoast SEO plugin v20.6 - https:\/\/yoast.com\/wordpress\/plugins\/seo\/ -->\n<title>(English) Financial Statement 2017 - Avante Educa\u00e7\u00e3o Brasil<\/title>\n<meta name=\"robots\" content=\"index, follow, max-snippet:-1, max-image-preview:large, max-video-preview:-1\" \/>\n<link rel=\"canonical\" href=\"https:\/\/www.avante-educacao-brasil.nl\/financial-statement-2017\/\" \/>\n<meta property=\"og:locale\" content=\"pt_BR\" \/>\n<meta property=\"og:type\" content=\"article\" \/>\n<meta property=\"og:title\" content=\"(English) Financial Statement 2017 - Avante Educa\u00e7\u00e3o Brasil\" \/>\n<meta property=\"og:description\" content=\"Desculpe-nos, mas este texto est\u00e1 apenas dispon\u00edvel em Holand\u00eas.\" \/>\n<meta property=\"og:url\" content=\"https:\/\/www.avante-educacao-brasil.nl\/financial-statement-2017\/\" \/>\n<meta property=\"og:site_name\" content=\"Avante Educa\u00e7\u00e3o Brasil\" \/>\n<meta property=\"article:modified_time\" content=\"2019-07-27T20:02:31+00:00\" \/>\n<meta name=\"twitter:card\" content=\"summary_large_image\" \/>\n<script type=\"application\/ld+json\" class=\"yoast-schema-graph\">{\"@context\":\"https:\/\/schema.org\",\"@graph\":[{\"@type\":\"WebPage\",\"@id\":\"https:\/\/www.avante-educacao-brasil.nl\/financial-statement-2017\/\",\"url\":\"https:\/\/www.avante-educacao-brasil.nl\/financial-statement-2017\/\",\"name\":\"(English) Financial Statement 2017 - Avante Educa\u00e7\u00e3o Brasil\",\"isPartOf\":{\"@id\":\"https:\/\/www.avante-educacao-brasil.nl\/#website\"},\"datePublished\":\"2019-07-26T15:08:31+00:00\",\"dateModified\":\"2019-07-27T20:02:31+00:00\",\"breadcrumb\":{\"@id\":\"https:\/\/www.avante-educacao-brasil.nl\/financial-statement-2017\/#breadcrumb\"},\"inLanguage\":\"pt-BR\",\"potentialAction\":[{\"@type\":\"ReadAction\",\"target\":[\"https:\/\/www.avante-educacao-brasil.nl\/financial-statement-2017\/\"]}]},{\"@type\":\"BreadcrumbList\",\"@id\":\"https:\/\/www.avante-educacao-brasil.nl\/financial-statement-2017\/#breadcrumb\",\"itemListElement\":[{\"@type\":\"ListItem\",\"position\":1,\"name\":\"Home\",\"item\":\"https:\/\/www.avante-educacao-brasil.nl\/\"},{\"@type\":\"ListItem\",\"position\":2,\"name\":\"Financial Statement 2017\"}]},{\"@type\":\"WebSite\",\"@id\":\"https:\/\/www.avante-educacao-brasil.nl\/#website\",\"url\":\"https:\/\/www.avante-educacao-brasil.nl\/\",\"name\":\"Avante Educa\u00e7\u00e3o Brasil\",\"description\":\"\",\"potentialAction\":[{\"@type\":\"SearchAction\",\"target\":{\"@type\":\"EntryPoint\",\"urlTemplate\":\"https:\/\/www.avante-educacao-brasil.nl\/?s={search_term_string}\"},\"query-input\":\"required name=search_term_string\"}],\"inLanguage\":\"pt-BR\"}]}<\/script>\n<!-- \/ Yoast SEO plugin. -->","yoast_head_json":{"title":"(English) Financial Statement 2017 - Avante Educa\u00e7\u00e3o Brasil","robots":{"index":"index","follow":"follow","max-snippet":"max-snippet:-1","max-image-preview":"max-image-preview:large","max-video-preview":"max-video-preview:-1"},"canonical":"https:\/\/www.avante-educacao-brasil.nl\/financial-statement-2017\/","og_locale":"pt_BR","og_type":"article","og_title":"(English) Financial Statement 2017 - Avante Educa\u00e7\u00e3o Brasil","og_description":"Desculpe-nos, mas este texto est\u00e1 apenas dispon\u00edvel em Holand\u00eas.","og_url":"https:\/\/www.avante-educacao-brasil.nl\/financial-statement-2017\/","og_site_name":"Avante Educa\u00e7\u00e3o Brasil","article_modified_time":"2019-07-27T20:02:31+00:00","twitter_card":"summary_large_image","schema":{"@context":"https:\/\/schema.org","@graph":[{"@type":"WebPage","@id":"https:\/\/www.avante-educacao-brasil.nl\/financial-statement-2017\/","url":"https:\/\/www.avante-educacao-brasil.nl\/financial-statement-2017\/","name":"(English) Financial Statement 2017 - Avante Educa\u00e7\u00e3o Brasil","isPartOf":{"@id":"https:\/\/www.avante-educacao-brasil.nl\/#website"},"datePublished":"2019-07-26T15:08:31+00:00","dateModified":"2019-07-27T20:02:31+00:00","breadcrumb":{"@id":"https:\/\/www.avante-educacao-brasil.nl\/financial-statement-2017\/#breadcrumb"},"inLanguage":"pt-BR","potentialAction":[{"@type":"ReadAction","target":["https:\/\/www.avante-educacao-brasil.nl\/financial-statement-2017\/"]}]},{"@type":"BreadcrumbList","@id":"https:\/\/www.avante-educacao-brasil.nl\/financial-statement-2017\/#breadcrumb","itemListElement":[{"@type":"ListItem","position":1,"name":"Home","item":"https:\/\/www.avante-educacao-brasil.nl\/"},{"@type":"ListItem","position":2,"name":"Financial Statement 2017"}]},{"@type":"WebSite","@id":"https:\/\/www.avante-educacao-brasil.nl\/#website","url":"https:\/\/www.avante-educacao-brasil.nl\/","name":"Avante Educa\u00e7\u00e3o Brasil","description":"","potentialAction":[{"@type":"SearchAction","target":{"@type":"EntryPoint","urlTemplate":"https:\/\/www.avante-educacao-brasil.nl\/?s={search_term_string}"},"query-input":"required name=search_term_string"}],"inLanguage":"pt-BR"}]}},"_links":{"self":[{"href":"https:\/\/www.avante-educacao-brasil.nl\/br\/wp-json\/wp\/v2\/pages\/6772"}],"collection":[{"href":"https:\/\/www.avante-educacao-brasil.nl\/br\/wp-json\/wp\/v2\/pages"}],"about":[{"href":"https:\/\/www.avante-educacao-brasil.nl\/br\/wp-json\/wp\/v2\/types\/page"}],"author":[{"embeddable":true,"href":"https:\/\/www.avante-educacao-brasil.nl\/br\/wp-json\/wp\/v2\/users\/1"}],"replies":[{"embeddable":true,"href":"https:\/\/www.avante-educacao-brasil.nl\/br\/wp-json\/wp\/v2\/comments?post=6772"}],"version-history":[{"count":3,"href":"https:\/\/www.avante-educacao-brasil.nl\/br\/wp-json\/wp\/v2\/pages\/6772\/revisions"}],"predecessor-version":[{"id":6788,"href":"https:\/\/www.avante-educacao-brasil.nl\/br\/wp-json\/wp\/v2\/pages\/6772\/revisions\/6788"}],"wp:attachment":[{"href":"https:\/\/www.avante-educacao-brasil.nl\/br\/wp-json\/wp\/v2\/media?parent=6772"}],"curies":[{"name":"wp","href":"https:\/\/api.w.org\/{rel}","templated":true}]}}