{"id":7024,"date":"2023-04-14T09:34:31","date_gmt":"2023-04-14T08:34:31","guid":{"rendered":"https:\/\/www.avante-educacao-brasil.nl\/?page_id=7024"},"modified":"2023-04-14T09:34:31","modified_gmt":"2023-04-14T08:34:31","slug":"portugues-do-brasil-ac","status":"publish","type":"page","link":"https:\/\/www.avante-educacao-brasil.nl\/nl\/portugues-do-brasil-ac\/","title":{"rendered":"Activiteitenoverzicht 2022"},"content":{"rendered":"<p><strong>\u00a0<\/strong><\/p>\n<p><strong>Activiteitenoverzicht 2022<\/strong><\/p>\n<p>De ondersteuning van educatieve en sociale projecten in Brazili\u00eb door de Stichting Avante Educa\u00e7\u00e3o Brasil loopt via de\u00a0 programma\u2019s:<\/p>\n<ol>\n<li><em>Mais Caminhos<\/em><\/li>\n<li><em>Eco Caminhos Apprenticeship (leerschool)<\/em><\/li>\n<li><em>Steun aan Davi en familie<\/em><\/li>\n<\/ol>\n<p><strong><em>1.Mais Caminhos<br \/>\n<\/em><\/strong>In het programma Mais Caminhos is gericht op het geven van onderwijs en \u00a0het ondersteunen van kinderen bij het volgen van onderwijs uit de favela\u2019s van Rio de Janeiro. Het betreft vooral kinderen uit de favela\u2019s Cantagalo and Pavao Pavaozinho van Rio.<br \/>\nHet programma wordt gerund door het Caminhos Language Centre in Rio de Janeiro en uitgevoerd door studenten die aan de school Portugees leren en als vrijwilligers meewerken aan dit programma.<br \/>\nVoor een verslag van de activiteiten in 2022 klik hier (<a href=\"https:\/\/www.avante-educacao-brasil.nl\/wp-content\/uploads\/2023\/04\/mais-caminhos-annual-report-2022.pdf\" target=\"_blank\" rel=\"noopener\">link naar de pdf van het verslag<\/a>).<\/p>\n<p><strong><em>2.Eco Caminhos Apprenticeship (leerschool)<br \/>\n<\/em><\/strong>De stichting Avante Educa\u00e7\u00e3o ondersteunt verder het apprenticeship programma van Eco Caminhos. Een Eco boerderij in de buurt van Nova Friburgo in de staat Rio de Janeiro. De eco boerderij heeft als doelstelling om volledig zelfvoorzienend te worden. Er worden huizen gebouwd met natuurlijk materialen, er worden voedselbossen aangelegd en verder ontvangt de boerderij vrijwilligers, eco-toeristen vanuit de hele wereld. De Eco Boerderij ontvangt ook kansarme jongeren die drie maanden tot twee jaar worden opgeleid. Jongeren kunnen zich specialiseren in bio-constructie of voedselbossen. Verder leren ze hoe ze zich op de arbeidsmarkt behoren te gedragen en hoe ze voor zichzelf kunnen zorgen: schoonmaken, koken en met geld leren omgaan. In 2022 waren er vier tieners. Daarvan hebben er drie het programma succesvol afgerond. E\u00e9n van hen \u00a0is nu gecontracteerd door Eco Caminhos, twee zijn na het buitenland vertrokken nadat ze binnen Eco Caminhos een vriendin hebben leren kennen. In 2023 zijn inmiddels twee nieuwe apprentices begonnen en worden er nog twee geselecteerd waarvan minimaal \u00e9\u00e9n meisje.<\/p>\n<p><strong><em>3.Steun aan Davi en familie<br \/>\n<\/em><\/strong>De stichting Avante Educa\u00e7\u00e3o Brasil steunt al vele jaren Davi Porfirio en zijn broers en zussen. \u00a0Ze hebben een belangrijk deel van hun jeugd doorgebracht in het kindertehuis Caminhos bij Rio de Janeiro.<br \/>\nDavi is nadien als gastzoon een jaar lang in Genhout Beek geweest bij de familie Pirson. Hij is daarna gaan studeren en werkt aan de Caminhos Language Centre\u00a0 waar hij aan sociale activiteiten is verbonden. Twee broers en een zus zijn inmiddels volwassen en staan op eigen benen. Er is nog een broer Tiago die is vijftien jaar oud en op dit moment op school zit. Davi is van plan om in 2023 naar Frankrijk te verhuizen waar zijn vriendin woont. Luciana de zus van Davi zal voor Tiago blijven zorgen. Luciana verdient niet genoeg geld om Tiago te onderhouden. Davi moet in Frankrijk nog eerst maar eens een baan vinden en zelf zien rond te komen. Tot die tijd gaan we door met financi\u00eble ondersteuning. We vragen de donateurs dan ook vriendelijk om nog minimaaldrie jaar te blijven steunen totdat Tiago volwassen is.<\/p>\n<p><strong><em>Sponsoren<\/em><\/strong><strong><br \/>\n<\/strong>De stichting wordt gesteund door zo\u2019n 40 sponsoren die jaarlijks\/maandelijks een bedrag ter beschikking stellen. Verder doet de Stichting AEB aan fondsenwerving voor jaar projecten en organiseert de stichting benefiet evenementen om geld in te zamelen.<\/p>\n<p><strong><em>Bestuur<\/em><\/strong><strong><br \/>\n<\/strong>Het bestuur bestaat uit Jan Bijen voorzitter, Jascha Lewkowitz secretaris penningmeester en Maarten Vonh\u00f6gen secretaris.<\/p>\n<p>&nbsp;<\/p>","protected":false},"excerpt":{"rendered":"<p>\u00a0 Activiteitenoverzicht 2022 De ondersteuning van educatieve en sociale projecten in Brazili\u00eb door de Stichting Avante Educa\u00e7\u00e3o Brasil loopt via de\u00a0 programma\u2019s: Mais Caminhos Eco Caminhos Apprenticeship [&hellip;]<\/p>\n","protected":false},"author":1,"featured_media":0,"parent":0,"menu_order":0,"comment_status":"closed","ping_status":"closed","template":"","meta":[],"acf":[],"yoast_head":"<!-- This site is optimized with the Yoast SEO plugin v20.6 - https:\/\/yoast.com\/wordpress\/plugins\/seo\/ -->\n<title>Activiteitenoverzicht 2022 - Avante Educa\u00e7\u00e3o Brasil<\/title>\n<meta name=\"robots\" content=\"index, follow, max-snippet:-1, max-image-preview:large, max-video-preview:-1\" \/>\n<link rel=\"canonical\" href=\"https:\/\/www.avante-educacao-brasil.nl\/portugues-do-brasil-ac\/\" \/>\n<meta property=\"og:locale\" content=\"nl_NL\" \/>\n<meta property=\"og:type\" content=\"article\" \/>\n<meta property=\"og:title\" content=\"Activiteitenoverzicht 2022 - Avante Educa\u00e7\u00e3o Brasil\" \/>\n<meta property=\"og:description\" content=\"\u00a0 Activiteitenoverzicht 2022 De ondersteuning van educatieve en sociale projecten in Brazili\u00eb door de Stichting Avante Educa\u00e7\u00e3o Brasil loopt via de\u00a0 programma\u2019s: Mais Caminhos Eco Caminhos Apprenticeship [&hellip;]\" \/>\n<meta property=\"og:url\" content=\"https:\/\/www.avante-educacao-brasil.nl\/portugues-do-brasil-ac\/\" \/>\n<meta property=\"og:site_name\" content=\"Avante Educa\u00e7\u00e3o Brasil\" \/>\n<meta name=\"twitter:card\" content=\"summary_large_image\" \/>\n<meta name=\"twitter:label1\" content=\"Geschatte leestijd\" \/>\n\t<meta name=\"twitter:data1\" content=\"3 minuten\" \/>\n<script type=\"application\/ld+json\" class=\"yoast-schema-graph\">{\"@context\":\"https:\/\/schema.org\",\"@graph\":[{\"@type\":\"WebPage\",\"@id\":\"https:\/\/www.avante-educacao-brasil.nl\/portugues-do-brasil-ac\/\",\"url\":\"https:\/\/www.avante-educacao-brasil.nl\/portugues-do-brasil-ac\/\",\"name\":\"Activiteitenoverzicht 2022 - Avante Educa\u00e7\u00e3o Brasil\",\"isPartOf\":{\"@id\":\"https:\/\/www.avante-educacao-brasil.nl\/#website\"},\"datePublished\":\"2023-04-14T08:34:31+00:00\",\"dateModified\":\"2023-04-14T08:34:31+00:00\",\"breadcrumb\":{\"@id\":\"https:\/\/www.avante-educacao-brasil.nl\/portugues-do-brasil-ac\/#breadcrumb\"},\"inLanguage\":\"nl-NL\",\"potentialAction\":[{\"@type\":\"ReadAction\",\"target\":[\"https:\/\/www.avante-educacao-brasil.nl\/portugues-do-brasil-ac\/\"]}]},{\"@type\":\"BreadcrumbList\",\"@id\":\"https:\/\/www.avante-educacao-brasil.nl\/portugues-do-brasil-ac\/#breadcrumb\",\"itemListElement\":[{\"@type\":\"ListItem\",\"position\":1,\"name\":\"Home\",\"item\":\"https:\/\/www.avante-educacao-brasil.nl\/\"},{\"@type\":\"ListItem\",\"position\":2,\"name\":\"(Portugu\u00eas do Brasil) Ac\"}]},{\"@type\":\"WebSite\",\"@id\":\"https:\/\/www.avante-educacao-brasil.nl\/#website\",\"url\":\"https:\/\/www.avante-educacao-brasil.nl\/\",\"name\":\"Avante Educa\u00e7\u00e3o Brasil\",\"description\":\"\",\"potentialAction\":[{\"@type\":\"SearchAction\",\"target\":{\"@type\":\"EntryPoint\",\"urlTemplate\":\"https:\/\/www.avante-educacao-brasil.nl\/?s={search_term_string}\"},\"query-input\":\"required name=search_term_string\"}],\"inLanguage\":\"nl-NL\"}]}<\/script>\n<!-- \/ Yoast SEO plugin. -->","yoast_head_json":{"title":"Activiteitenoverzicht 2022 - Avante Educa\u00e7\u00e3o Brasil","robots":{"index":"index","follow":"follow","max-snippet":"max-snippet:-1","max-image-preview":"max-image-preview:large","max-video-preview":"max-video-preview:-1"},"canonical":"https:\/\/www.avante-educacao-brasil.nl\/portugues-do-brasil-ac\/","og_locale":"nl_NL","og_type":"article","og_title":"Activiteitenoverzicht 2022 - Avante Educa\u00e7\u00e3o Brasil","og_description":"\u00a0 Activiteitenoverzicht 2022 De ondersteuning van educatieve en sociale projecten in Brazili\u00eb door de Stichting Avante Educa\u00e7\u00e3o Brasil loopt via de\u00a0 programma\u2019s: Mais Caminhos Eco Caminhos Apprenticeship [&hellip;]","og_url":"https:\/\/www.avante-educacao-brasil.nl\/portugues-do-brasil-ac\/","og_site_name":"Avante Educa\u00e7\u00e3o Brasil","twitter_card":"summary_large_image","twitter_misc":{"Geschatte leestijd":"3 minuten"},"schema":{"@context":"https:\/\/schema.org","@graph":[{"@type":"WebPage","@id":"https:\/\/www.avante-educacao-brasil.nl\/portugues-do-brasil-ac\/","url":"https:\/\/www.avante-educacao-brasil.nl\/portugues-do-brasil-ac\/","name":"Activiteitenoverzicht 2022 - Avante Educa\u00e7\u00e3o Brasil","isPartOf":{"@id":"https:\/\/www.avante-educacao-brasil.nl\/#website"},"datePublished":"2023-04-14T08:34:31+00:00","dateModified":"2023-04-14T08:34:31+00:00","breadcrumb":{"@id":"https:\/\/www.avante-educacao-brasil.nl\/portugues-do-brasil-ac\/#breadcrumb"},"inLanguage":"nl-NL","potentialAction":[{"@type":"ReadAction","target":["https:\/\/www.avante-educacao-brasil.nl\/portugues-do-brasil-ac\/"]}]},{"@type":"BreadcrumbList","@id":"https:\/\/www.avante-educacao-brasil.nl\/portugues-do-brasil-ac\/#breadcrumb","itemListElement":[{"@type":"ListItem","position":1,"name":"Home","item":"https:\/\/www.avante-educacao-brasil.nl\/"},{"@type":"ListItem","position":2,"name":"(Portugu\u00eas do Brasil) Ac"}]},{"@type":"WebSite","@id":"https:\/\/www.avante-educacao-brasil.nl\/#website","url":"https:\/\/www.avante-educacao-brasil.nl\/","name":"Avante Educa\u00e7\u00e3o Brasil","description":"","potentialAction":[{"@type":"SearchAction","target":{"@type":"EntryPoint","urlTemplate":"https:\/\/www.avante-educacao-brasil.nl\/?s={search_term_string}"},"query-input":"required name=search_term_string"}],"inLanguage":"nl-NL"}]}},"_links":{"self":[{"href":"https:\/\/www.avante-educacao-brasil.nl\/nl\/wp-json\/wp\/v2\/pages\/7024"}],"collection":[{"href":"https:\/\/www.avante-educacao-brasil.nl\/nl\/wp-json\/wp\/v2\/pages"}],"about":[{"href":"https:\/\/www.avante-educacao-brasil.nl\/nl\/wp-json\/wp\/v2\/types\/page"}],"author":[{"embeddable":true,"href":"https:\/\/www.avante-educacao-brasil.nl\/nl\/wp-json\/wp\/v2\/users\/1"}],"replies":[{"embeddable":true,"href":"https:\/\/www.avante-educacao-brasil.nl\/nl\/wp-json\/wp\/v2\/comments?post=7024"}],"version-history":[{"count":1,"href":"https:\/\/www.avante-educacao-brasil.nl\/nl\/wp-json\/wp\/v2\/pages\/7024\/revisions"}],"predecessor-version":[{"id":7026,"href":"https:\/\/www.avante-educacao-brasil.nl\/nl\/wp-json\/wp\/v2\/pages\/7024\/revisions\/7026"}],"wp:attachment":[{"href":"https:\/\/www.avante-educacao-brasil.nl\/nl\/wp-json\/wp\/v2\/media?parent=7024"}],"curies":[{"name":"wp","href":"https:\/\/api.w.org\/{rel}","templated":true}]}}