{"id":7058,"date":"2024-03-27T07:09:01","date_gmt":"2024-03-27T07:09:01","guid":{"rendered":"https:\/\/www.avante-educacao-brasil.nl\/?page_id=7058"},"modified":"2024-03-27T07:09:01","modified_gmt":"2024-03-27T07:09:01","slug":"nederlands-activiteitenoverzicht-2023-2","status":"publish","type":"page","link":"https:\/\/www.avante-educacao-brasil.nl\/nl\/nederlands-activiteitenoverzicht-2023-2\/","title":{"rendered":"Activiteitenoverzicht 2023"},"content":{"rendered":"<p>De ondersteuning van educatieve en sociale projecten in Brazili\u00eb door de Stichting Avante Educa\u00e7\u00e3o Brasil loopt via de\u00a0 programma\u2019s:<\/p>\n<ol>\n<li><em>Eco-Caminhos Apprenticeship (leerschool)<\/em><\/li>\n<li><em>Mais Caminhos<\/em><\/li>\n<li><em>Steun aan Davi en familie\n<p><\/em><\/li>\n<\/ol>\n<ul>\n<li><strong><em>Eco Caminhos Apprenticeship (leerschool)<\/em><\/strong><\/li>\n<\/ul>\n<p>De stichting Avante Educa\u00e7\u00e3o ondersteunt het apprenticeship programma van Eco-Caminhos. Een Eco boerderij in de buurt van Nova Friburgo in de staat Rio de Janeiro. De Eco boerderij heeft als doelstelling om volledig zelfvoorzienend te worden. Huizen worden gebouwd met natuurlijk materialen (bioconstructie), de tuinbouw vindt plaats op basis van permacultuur en voedselbossen (agroforestry) \u00a0worden aangelegd.<br \/>\nEco-Caminhos ontvangt mensen, vooral jongeren, uit de hele wereld die komen leren, voor stages en om als vrijwilliger mee te werken. Ook biedt de Eco Boerderij plaatsen voor \u00a0kansarme jongeren die in drie maanden tot twee jaar worden opgeleid. Deze jongeren uit de favelas van Rio de Janeiro komen binnen via o.m. het programma Mais-Caminhos en kunnen zich specialiseren in bioconstructie of voedselbossen. Verder leren ze hoe ze zich op de arbeidsmarkt behoren te gedragen en hoe ze voor zichzelf kunnen zorgen: schoonmaken, koken en met geld leren omgaan.<\/p>\n<p>In dat kader is er behoefte ontstaan aan een educatiecentrum; <strong>Ecolibrium. <\/strong><br \/>\n<u>Ecolibrium<\/u> is bedoeld als multifunctioneel educatief centrum met verblijfsaccommodatie. Het staat ten dienste van het apprenticeship programma, maar ook voor de lokale gemeenschap, en onderwijsinstellingen. Het centrum met een oppervlak van bijna 1200 m\u00b2 zal een reeks faciliteiten bieden. Daaronder zijn: multifunctionele ruimten voor workshops, cursussen en seminars, een restaurant met keuken voor het maken van gerechten van ter plaatse geteelde biologische producten en verblijfsaccommodatie bestaande uit \u00a0twaalf slaapkamers.<br \/>\nHet opleidingscentrum heeft en zal samenwerkingscontracten sluiten met Universiteiten en Hogescholen in Brazili\u00eb en daarbuiten zowel voor het verzorgen van semibars en cursussen als wel voor het bieden van stageplaatsen aan studenten. Samenwerking is er reeds met Avans in Nederland, Thomas More in Belgi\u00eb en de Universiteiten Est\u00e1cio de S\u00e1 en UERJ in Nova Friburgo.<\/p>\n<p>Ook met lokale organisaties zal worden samengewerkt . Het gebied rondom Eco Caminhos is een belangrijk tuinbouwgebied voor de staat Rio de Janeiro! Doestelling op termijn is om conventionele tuinbouwbedrijven te transformeren naar duurzame conform een rendabel agroforestry model.<\/p>\n<p><u>Realisatie Ecolibrium<br \/>\n<\/u>Om het educatief\u00a0 centrum Ecolibrium te realiseren is de <strong>Associa\u00e7\u00e3o Ecolibrium<\/strong> opgericht. Dat is een juridisch structuur\u00a0 die we met de Nederlandse stichting of vereniging kunnen vergelijken; een mengvorm. De Associa\u00e7\u00e3o Ecolibrium heeft geen winstoogmerk en heeft een board bestaande uit personen uit zowel de lokale gemeenschap als internationale.<br \/>\nDe bouw van de eerste fase is inmiddels begonnen met financiering van o.a. Wilde Ganzen een Amerikaanse foundation en Eco Caminhos<\/p>\n<p>De doelstellingen van <strong>Associa\u00e7\u00e3o Ecolibrium <\/strong>passen naadloos bij die van onze Stichting Avante Educa\u00e7\u00e3o Brasil. Wij ondersteunen dan ook die ontwikkeling.<\/p>\n<ol start=\"2\">\n<li><strong><em> Mais Caminhos<br \/>\n<\/em><\/strong>In het programma Mais Caminhos is gericht op het geven van onderwijs en het ondersteunen van kinderen bij het volgen van onderwijs uit de favela\u2019s van Rio de Janeiro. Het betreft vooral kinderen uit de favela\u2019s Cantagalo and Pavao Pavaozinho van Rio.<br \/>\nHet programma wordt gerund door het Caminhos Language Centre in Rio de Janeiro en uitgevoerd door studenten die aan de school Portugees leren en als vrijwilligers meewerken aan dit programma.<br \/>\nVoor een verslag van de activiteiten in 2023 <a href=\"https:\/\/www.avante-educacao-brasil.nl\/wp-content\/uploads\/2024\/03\/mais-caminhos-a_62919902.pdf\" target=\"_blank\" rel=\"noopener\">klik hier<\/a>.<\/li>\n<\/ol>\n<p><strong><em>3.Davi en Tiago<br \/>\n<\/em><\/strong>De stichting Avante Educa\u00e7\u00e3o Brasil steunt al vele jaren Davi Porfirio en zijn broers en zussen.\u00a0 Ze hebben een belangrijk deel van hun jeugd doorgebracht in het kindertehuis Caminhos bij Rio de Janeiro. Het verhaal van Davi laat de transformerende kracht zien van de steun die wij bieden. Davi is nadien als gastzoon een jaar lang in Genhout Beek geweest bij de familie Pirson. Hij is daarna gaan studeren en werkt aan de Caminhos Language Centre\u00a0 waar hij aan sociale activiteiten is verbonden. Twee broers en een zus zijn inmiddels volwassen en staan op eigen benen. Er is nog een broer Tiago die is vijftien jaar oud en op dit moment op school zit. Mede dankzij de financi\u00eble steun van onze Stichting Avante Educa\u00e7\u00e3o Brasil, kunnen we Tiago\u2019s onderwijs bieden en zijn persoonlijke ontwikkeling blijven bevorderen.<strong>\u00a0<\/strong><\/p>\n<p><strong><em>Sponsoren<\/em><\/strong><strong><br \/>\n<\/strong>De stichting wordt gesteund door zo\u2019n 30 sponsoren die jaarlijks\/maandelijks een bedrag ter beschikking stellen. Verder doet de Stichting AEB aan fondsenwerving voor jaar projecten en organiseert de stichting benefiet evenementen om geld in te zamelen.<\/p>\n<p><strong><em>Bestuur<\/em><\/strong><strong><br \/>\n<\/strong>Het bestuur bestaat uit Jan Bijen voorzitter, Jascha Lewkowitz secretaris penningmeester en Maarten Vonh\u00f6gen secretaris.<\/p>","protected":false},"excerpt":{"rendered":"<p>De ondersteuning van educatieve en sociale projecten in Brazili\u00eb door de Stichting Avante Educa\u00e7\u00e3o Brasil loopt via de\u00a0 programma\u2019s: Eco-Caminhos Apprenticeship (leerschool) Mais Caminhos Steun aan Davi [&hellip;]<\/p>\n","protected":false},"author":1,"featured_media":0,"parent":0,"menu_order":0,"comment_status":"closed","ping_status":"closed","template":"","meta":[],"acf":[],"yoast_head":"<!-- This site is optimized with the Yoast SEO plugin v20.6 - https:\/\/yoast.com\/wordpress\/plugins\/seo\/ -->\n<title>Activiteitenoverzicht 2023 - Avante Educa\u00e7\u00e3o Brasil<\/title>\n<meta name=\"robots\" content=\"index, follow, max-snippet:-1, max-image-preview:large, max-video-preview:-1\" \/>\n<link rel=\"canonical\" href=\"https:\/\/www.avante-educacao-brasil.nl\/nederlands-activiteitenoverzicht-2023-2\/\" \/>\n<meta property=\"og:locale\" content=\"nl_NL\" \/>\n<meta property=\"og:type\" content=\"article\" \/>\n<meta property=\"og:title\" content=\"Activiteitenoverzicht 2023 - Avante Educa\u00e7\u00e3o Brasil\" \/>\n<meta property=\"og:description\" content=\"De ondersteuning van educatieve en sociale projecten in Brazili\u00eb door de Stichting Avante Educa\u00e7\u00e3o Brasil loopt via de\u00a0 programma\u2019s: Eco-Caminhos Apprenticeship (leerschool) Mais Caminhos Steun aan Davi [&hellip;]\" \/>\n<meta property=\"og:url\" content=\"https:\/\/www.avante-educacao-brasil.nl\/nederlands-activiteitenoverzicht-2023-2\/\" \/>\n<meta property=\"og:site_name\" content=\"Avante Educa\u00e7\u00e3o Brasil\" \/>\n<meta name=\"twitter:card\" content=\"summary_large_image\" \/>\n<meta name=\"twitter:label1\" content=\"Geschatte leestijd\" \/>\n\t<meta name=\"twitter:data1\" content=\"4 minuten\" \/>\n<script type=\"application\/ld+json\" class=\"yoast-schema-graph\">{\"@context\":\"https:\/\/schema.org\",\"@graph\":[{\"@type\":\"WebPage\",\"@id\":\"https:\/\/www.avante-educacao-brasil.nl\/nederlands-activiteitenoverzicht-2023-2\/\",\"url\":\"https:\/\/www.avante-educacao-brasil.nl\/nederlands-activiteitenoverzicht-2023-2\/\",\"name\":\"Activiteitenoverzicht 2023 - Avante Educa\u00e7\u00e3o Brasil\",\"isPartOf\":{\"@id\":\"https:\/\/www.avante-educacao-brasil.nl\/#website\"},\"datePublished\":\"2024-03-27T07:09:01+00:00\",\"dateModified\":\"2024-03-27T07:09:01+00:00\",\"breadcrumb\":{\"@id\":\"https:\/\/www.avante-educacao-brasil.nl\/nederlands-activiteitenoverzicht-2023-2\/#breadcrumb\"},\"inLanguage\":\"nl-NL\",\"potentialAction\":[{\"@type\":\"ReadAction\",\"target\":[\"https:\/\/www.avante-educacao-brasil.nl\/nederlands-activiteitenoverzicht-2023-2\/\"]}]},{\"@type\":\"BreadcrumbList\",\"@id\":\"https:\/\/www.avante-educacao-brasil.nl\/nederlands-activiteitenoverzicht-2023-2\/#breadcrumb\",\"itemListElement\":[{\"@type\":\"ListItem\",\"position\":1,\"name\":\"Home\",\"item\":\"https:\/\/www.avante-educacao-brasil.nl\/\"},{\"@type\":\"ListItem\",\"position\":2,\"name\":\"Activiteitenoverzicht 2023\"}]},{\"@type\":\"WebSite\",\"@id\":\"https:\/\/www.avante-educacao-brasil.nl\/#website\",\"url\":\"https:\/\/www.avante-educacao-brasil.nl\/\",\"name\":\"Avante Educa\u00e7\u00e3o Brasil\",\"description\":\"\",\"potentialAction\":[{\"@type\":\"SearchAction\",\"target\":{\"@type\":\"EntryPoint\",\"urlTemplate\":\"https:\/\/www.avante-educacao-brasil.nl\/?s={search_term_string}\"},\"query-input\":\"required name=search_term_string\"}],\"inLanguage\":\"nl-NL\"}]}<\/script>\n<!-- \/ Yoast SEO plugin. -->","yoast_head_json":{"title":"Activiteitenoverzicht 2023 - Avante Educa\u00e7\u00e3o Brasil","robots":{"index":"index","follow":"follow","max-snippet":"max-snippet:-1","max-image-preview":"max-image-preview:large","max-video-preview":"max-video-preview:-1"},"canonical":"https:\/\/www.avante-educacao-brasil.nl\/nederlands-activiteitenoverzicht-2023-2\/","og_locale":"nl_NL","og_type":"article","og_title":"Activiteitenoverzicht 2023 - Avante Educa\u00e7\u00e3o Brasil","og_description":"De ondersteuning van educatieve en sociale projecten in Brazili\u00eb door de Stichting Avante Educa\u00e7\u00e3o Brasil loopt via de\u00a0 programma\u2019s: Eco-Caminhos Apprenticeship (leerschool) Mais Caminhos Steun aan Davi [&hellip;]","og_url":"https:\/\/www.avante-educacao-brasil.nl\/nederlands-activiteitenoverzicht-2023-2\/","og_site_name":"Avante Educa\u00e7\u00e3o Brasil","twitter_card":"summary_large_image","twitter_misc":{"Geschatte leestijd":"4 minuten"},"schema":{"@context":"https:\/\/schema.org","@graph":[{"@type":"WebPage","@id":"https:\/\/www.avante-educacao-brasil.nl\/nederlands-activiteitenoverzicht-2023-2\/","url":"https:\/\/www.avante-educacao-brasil.nl\/nederlands-activiteitenoverzicht-2023-2\/","name":"Activiteitenoverzicht 2023 - Avante Educa\u00e7\u00e3o Brasil","isPartOf":{"@id":"https:\/\/www.avante-educacao-brasil.nl\/#website"},"datePublished":"2024-03-27T07:09:01+00:00","dateModified":"2024-03-27T07:09:01+00:00","breadcrumb":{"@id":"https:\/\/www.avante-educacao-brasil.nl\/nederlands-activiteitenoverzicht-2023-2\/#breadcrumb"},"inLanguage":"nl-NL","potentialAction":[{"@type":"ReadAction","target":["https:\/\/www.avante-educacao-brasil.nl\/nederlands-activiteitenoverzicht-2023-2\/"]}]},{"@type":"BreadcrumbList","@id":"https:\/\/www.avante-educacao-brasil.nl\/nederlands-activiteitenoverzicht-2023-2\/#breadcrumb","itemListElement":[{"@type":"ListItem","position":1,"name":"Home","item":"https:\/\/www.avante-educacao-brasil.nl\/"},{"@type":"ListItem","position":2,"name":"Activiteitenoverzicht 2023"}]},{"@type":"WebSite","@id":"https:\/\/www.avante-educacao-brasil.nl\/#website","url":"https:\/\/www.avante-educacao-brasil.nl\/","name":"Avante Educa\u00e7\u00e3o Brasil","description":"","potentialAction":[{"@type":"SearchAction","target":{"@type":"EntryPoint","urlTemplate":"https:\/\/www.avante-educacao-brasil.nl\/?s={search_term_string}"},"query-input":"required name=search_term_string"}],"inLanguage":"nl-NL"}]}},"_links":{"self":[{"href":"https:\/\/www.avante-educacao-brasil.nl\/nl\/wp-json\/wp\/v2\/pages\/7058"}],"collection":[{"href":"https:\/\/www.avante-educacao-brasil.nl\/nl\/wp-json\/wp\/v2\/pages"}],"about":[{"href":"https:\/\/www.avante-educacao-brasil.nl\/nl\/wp-json\/wp\/v2\/types\/page"}],"author":[{"embeddable":true,"href":"https:\/\/www.avante-educacao-brasil.nl\/nl\/wp-json\/wp\/v2\/users\/1"}],"replies":[{"embeddable":true,"href":"https:\/\/www.avante-educacao-brasil.nl\/nl\/wp-json\/wp\/v2\/comments?post=7058"}],"version-history":[{"count":1,"href":"https:\/\/www.avante-educacao-brasil.nl\/nl\/wp-json\/wp\/v2\/pages\/7058\/revisions"}],"predecessor-version":[{"id":7060,"href":"https:\/\/www.avante-educacao-brasil.nl\/nl\/wp-json\/wp\/v2\/pages\/7058\/revisions\/7060"}],"wp:attachment":[{"href":"https:\/\/www.avante-educacao-brasil.nl\/nl\/wp-json\/wp\/v2\/media?parent=7058"}],"curies":[{"name":"wp","href":"https:\/\/api.w.org\/{rel}","templated":true}]}}